{"id":1516,"date":"2024-01-23T17:47:11","date_gmt":"2024-01-23T20:47:11","guid":{"rendered":"https:\/\/ilhadomeltur.aprendizes.org\/?post_type=product&#038;p=1516"},"modified":"2024-01-23T18:05:58","modified_gmt":"2024-01-23T21:05:58","slug":"aluguel-de-jet-ski","status":"publish","type":"product","link":"https:\/\/ilhadomeltur.aprendizes.org\/index.php\/produto\/aluguel-de-jet-ski\/","title":{"rendered":"Aluguel de JET SKI"},"content":{"rendered":"<div id=\"caixaDescricao\">\n<h2 class=\"mt-3\">Aluguel de JET SKI<\/h2>\n<p>Obs: Marcar hor\u00e1rio e data via nosso Whatsapp<\/p>\n<div class=\"mt-5 mb-2\"><strong>Sobre a atividade<\/strong><\/div>\n<div><img decoding=\"async\" class=\"alignnone size-medium wp-image-1522\" src=\"https:\/\/ilhadomeltur.aprendizes.org\/wp-content\/uploads\/2024\/01\/Screenshot_11.png\" alt=\"\" width=\"49\" height=\"45\" \/><strong class=\"resizable-font\">Jet Revisados<\/strong><br \/>\n<span class=\"resizable-font\">\u00a0 \u00a0 \u00a0 \u00a0 \u00a0 \u00a0 Todas revis\u00e3o em dia<\/span><\/div>\n<div><img decoding=\"async\" class=\"alignnone size-full wp-image-1523\" src=\"https:\/\/ilhadomeltur.aprendizes.org\/wp-content\/uploads\/2024\/01\/Screenshot_12.png\" alt=\"\" width=\"57\" height=\"52\" \/><strong class=\"resizable-font\">Baia de Paranagu\u00e1<\/strong><br \/>\n<span class=\"resizable-font\">\u00a0 \u00a0 \u00a0 \u00a0 \u00a0 \u00a0 \u00a0 Conhe\u00e7a a baia<\/span><\/div>\n<div><img decoding=\"async\" class=\"alignnone size-full wp-image-1524\" src=\"https:\/\/ilhadomeltur.aprendizes.org\/wp-content\/uploads\/2024\/01\/Screenshot_13.png\" alt=\"\" width=\"55\" height=\"47\" \/><strong class=\"resizable-font\">Reserve com Anteced\u00eancia<\/strong><br \/>\n<span class=\"resizable-font\">\u00a0 \u00a0 \u00a0 \u00a0 \u00a0 \u00a0 \u00a0 Procura muito alta<\/span><\/div>\n<div><img loading=\"lazy\" decoding=\"async\" class=\"alignnone size-full wp-image-1525\" src=\"https:\/\/ilhadomeltur.aprendizes.org\/wp-content\/uploads\/2024\/01\/Screenshot_14.png\" alt=\"suporte online\" width=\"39\" height=\"53\" \/><strong class=\"resizable-font\">Suporte Online<\/strong><br \/>\n<span class=\"resizable-font\">Suporte a qualquer momento<\/span><\/div>\n<div>\n<div class=\"mt-5 mb-2\"><strong><br \/>\nSobre a atividade<\/strong><\/div>\n<div id=\"caixaDescricaoHigher\">Experimente a emo\u00e7\u00e3o suprema de desbravar as \u00e1guas da Ilha do Mel em alta velocidade com o aluguel de jet ski da Ilha do Mel Tur! Sinta a brisa refrescante acariciar seu rosto enquanto voc\u00ea acelera pelas ondas, desfrutando de uma aventura aqu\u00e1tica sem igual. Nossos jet skis modernos e seguros oferecem o equil\u00edbrio perfeito entre emo\u00e7\u00e3o e seguran\u00e7a, proporcionando uma experi\u00eancia inesquec\u00edvel para os amantes de adrenalina. N\u00e3o perca mais tempo, reserve agora mesmo e transforme suas f\u00e9rias em mem\u00f3rias emocionantes na Ilha do Mel!<\/div>\n<div id=\"caixaDescricao\">\n<p><strong>MODELOS:<\/strong><br \/>\nSeadoo GTI 130 &#8211; 3 lugares c\/ som<\/p>\n<p>Seadoo GTI 170 &#8211; 3 lugares c\/ som<\/p>\n<p>Yamaha VXR 1800 &#8211; 3 lugares<\/p>\n<p>Yamaha FX 1100 &#8211; 3 lugares<\/p>\n<\/div>\n<\/div>\n<\/div>\n<p><!--more--><\/p>\n<table class=\"table table-bordered tours-tabs__table\" style=\"height: 233px;\" width=\"862\">\n<tbody>\n<tr>\n<td><strong>LOCAL DE PARTIDA\/RETORNO<\/strong><\/td>\n<td>Terminal de Embarque da Ilha do Mel ( Brasilia ou Encantadas )<\/td>\n<\/tr>\n<tr>\n<td><strong>DURA\u00c7\u00c3O<\/strong><\/td>\n<td>Aproximadamente 3 horas<\/td>\n<\/tr>\n<tr>\n<td><\/td>\n<td><\/td>\n<\/tr>\n<tr>\n<td><strong>VESTIR<\/strong><\/td>\n<td>Roupa de praia confort\u00e1vel, ch\u00e1peu, protetor solar<\/td>\n<\/tr>\n<tr>\n<td><strong>INCLUSO<\/strong><\/td>\n<td>\n<table class=\"table table-bordered\" style=\"height: 62px;\" width=\"300\">\n<tbody>\n<tr>\n<td><i class=\"fa fa-check icon-tick icon-tick--on\"><\/i>Entregue com Tanque Cheio (devolver com tanque cheio)<\/td>\n<td><i class=\"fa fa-check icon-tick icon-tick--on\"><\/i>Colete Salva-vidas<\/td>\n<\/tr>\n<tr>\n<td><i class=\"fa fa-check icon-tick icon-tick--on\"><\/i>Jet 3 Lugares<\/td>\n<td><i class=\"fa fa-check icon-tick icon-tick--on\"><\/i>Jet com Som (consultar)<\/td>\n<\/tr>\n<\/tbody>\n<\/table>\n<\/td>\n<\/tr>\n<tr>\n<td><b>N\u00c3O INCLU\u00cdDO<\/b><\/td>\n<td>\n<table class=\"table table-bordered\" style=\"height: 32px;\" width=\"304\">\n<tbody>\n<tr>\n<td><i class=\"fa fa-times icon-tick icon-tick--off\"><\/i>Motonauta<\/td>\n<\/tr>\n<tr>\n<td><\/td>\n<\/tr>\n<\/tbody>\n<\/table>\n<\/td>\n<\/tr>\n<\/tbody>\n<\/table>\n<p>&nbsp;<\/p>\n","protected":false},"excerpt":{"rendered":"<p>Experimente a emo\u00e7\u00e3o suprema de desbravar as \u00e1guas da Ilha do Mel em alta velocidade com o aluguel de jet ski da Ilha do Mel Tur! Sinta a brisa refrescante acariciar seu rosto enquanto voc\u00ea acelera pelas ondas, desfrutando de uma aventura aqu\u00e1tica sem igual. Nossos jet skis modernos e seguros oferecem o equil\u00edbrio perfeito entre emo\u00e7\u00e3o e seguran\u00e7a, proporcionando uma experi\u00eancia inesquec\u00edvel para os amantes de adrenalina. N\u00e3o perca mais tempo, reserve agora mesmo e transforme suas f\u00e9rias em mem\u00f3rias emocionantes na Ilha do Mel!<\/p>\n","protected":false},"featured_media":1521,"comment_status":"open","ping_status":"closed","template":"","meta":[],"product_cat":[63],"product_tag":[],"_links":{"self":[{"href":"https:\/\/ilhadomeltur.aprendizes.org\/index.php\/wp-json\/wp\/v2\/product\/1516"}],"collection":[{"href":"https:\/\/ilhadomeltur.aprendizes.org\/index.php\/wp-json\/wp\/v2\/product"}],"about":[{"href":"https:\/\/ilhadomeltur.aprendizes.org\/index.php\/wp-json\/wp\/v2\/types\/product"}],"replies":[{"embeddable":true,"href":"https:\/\/ilhadomeltur.aprendizes.org\/index.php\/wp-json\/wp\/v2\/comments?post=1516"}],"wp:featuredmedia":[{"embeddable":true,"href":"https:\/\/ilhadomeltur.aprendizes.org\/index.php\/wp-json\/wp\/v2\/media\/1521"}],"wp:attachment":[{"href":"https:\/\/ilhadomeltur.aprendizes.org\/index.php\/wp-json\/wp\/v2\/media?parent=1516"}],"wp:term":[{"taxonomy":"product_cat","embeddable":true,"href":"https:\/\/ilhadomeltur.aprendizes.org\/index.php\/wp-json\/wp\/v2\/product_cat?post=1516"},{"taxonomy":"product_tag","embeddable":true,"href":"https:\/\/ilhadomeltur.aprendizes.org\/index.php\/wp-json\/wp\/v2\/product_tag?post=1516"}],"curies":[{"name":"wp","href":"https:\/\/api.w.org\/{rel}","templated":true}]}}