{"id":1504,"date":"2024-01-23T17:31:45","date_gmt":"2024-01-23T20:31:45","guid":{"rendered":"https:\/\/ilhadomeltur.aprendizes.org\/?post_type=product&#038;p=1504"},"modified":"2024-01-24T19:08:21","modified_gmt":"2024-01-24T22:08:21","slug":"pescaria-mar-aberto","status":"publish","type":"product","link":"https:\/\/ilhadomeltur.aprendizes.org\/index.php\/produto\/pescaria-mar-aberto\/","title":{"rendered":"Pescaria Mar Aberto"},"content":{"rendered":"<div id=\"caixaDescricao\">\n<h2 class=\"mt-3\">Pescaria Mar Aberto<\/h2>\n<p>Obs: Marcar hor\u00e1rio e data via nosso Whatsapp:<\/p>\n<div><strong>Sobre a atividade<\/strong><\/div>\n<div><img decoding=\"async\" class=\"alignnone size-full wp-image-1512\" src=\"https:\/\/ilhadomeltur.aprendizes.org\/wp-content\/uploads\/2024\/01\/Screenshot_9.png\" alt=\"churrasqueira\" width=\"53\" height=\"54\" \/><strong class=\"resizable-font\">Churrasqueira<\/strong><\/div>\n<div><img decoding=\"async\" class=\"alignnone size-full wp-image-1513\" src=\"https:\/\/ilhadomeltur.aprendizes.org\/wp-content\/uploads\/2024\/01\/Screenshot_10.png\" alt=\"\" width=\"50\" height=\"49\" \/><strong class=\"resizable-font\">Mar Aberto<\/strong><\/div>\n<div><img decoding=\"async\" class=\"alignnone size-full wp-image-1413\" src=\"https:\/\/ilhadomeltur.aprendizes.org\/wp-content\/uploads\/2024\/01\/Screenshot_4-1.png\" alt=\"lancha confort\u00e1vel\" width=\"63\" height=\"43\" \/><strong class=\"resizable-font\">Lancha Confort\u00e1vel<\/strong><\/div>\n<div><img loading=\"lazy\" decoding=\"async\" class=\"alignnone size-full wp-image-1477\" src=\"https:\/\/ilhadomeltur.aprendizes.org\/wp-content\/uploads\/2024\/01\/Screenshot_1-1.png\" alt=\"at\u00e9 3x no cart\u00e3o\" width=\"53\" height=\"44\" \/><strong class=\"resizable-font\">Em at\u00e9 3x no Cart\u00e3o<\/strong><\/div>\n<div id=\"caixaDescricao\">\n<div id=\"caixaDescricaoHigher\"><\/div>\n<div id=\"caixaDescricao\">\n<p><strong>**Pescaria Mar Aberto na Ilha do Mel**<\/strong><\/p>\n<p>Venha desfrutar de uma emocionante jornada de pesca em alto mar com a Pescaria Mar Aberto na Ilha do Mel. Uma experi\u00eancia \u00fanica que combina divers\u00e3o, relaxamento e aventura em um ambiente deslumbrante.<\/p>\n<p><strong>**Detalhes da Atividade:**<\/strong><br \/>\n&#8211; **<strong>Churrasqueira<\/strong>:** Desfrute de um churrasco a bordo para tornar sua experi\u00eancia ainda mais especial.<br \/>\n&#8211; **<strong>Mar Aberto<\/strong>:** Navegue pelas \u00e1guas do mar aberto, desfrutando das paisagens incr\u00edveis da Ilha do Mel.<br \/>\n&#8211; **<strong>Lancha Confort\u00e1vel<\/strong>:** Viaje com conforto em nossa lancha equipada para garantir uma experi\u00eancia agrad\u00e1vel.<br \/>\n&#8211; **Pagamento Facilitado:** Possibilidade de parcelamento em at\u00e9 3x no cart\u00e3o para sua conveni\u00eancia.<\/p>\n<p>**<strong>Informa\u00e7\u00f5es Adicionais<\/strong>:**<br \/>\n&#8211; **Local de Partida\/Retorno:** Terminal de Embarque da Ilha do Mel (Bras\u00edlia ou Encantadas).<br \/>\n&#8211; **Dura\u00e7\u00e3o:** Aproximadamente 3 horas.<\/p>\n<p>**<strong>O que Levar<\/strong>:**<br \/>\n&#8211; **Vestu\u00e1rio:** Roupa de praia confort\u00e1vel, chap\u00e9u e protetor solar.<\/p>\n<p>**<strong>Incluso no Pacote:<\/strong>**<br \/>\n&#8211; Lancha Confort\u00e1vel.<br \/>\n&#8211; \u00c1gua gelada.<br \/>\n&#8211; Carv\u00e3o.<br \/>\n&#8211; Gelo.<\/p>\n<p>**<strong>N\u00e3o Inclu\u00eddo:<\/strong>**<br \/>\n&#8211; Material de Pesca.<br \/>\n&#8211; Isca viva.<\/p>\n<p>**<strong>Reserve seu Lugar Agora:<\/strong>**<br \/>\nMarque o hor\u00e1rio e data da sua aventura atrav\u00e9s do nosso WhatsApp. Estamos ansiosos para proporcionar a voc\u00ea uma experi\u00eancia memor\u00e1vel de Pescaria Mar Aberto na Ilha do Mel.<\/p>\n<\/div>\n<\/div>\n<\/div>\n<p><!--more--><\/p>\n<table class=\"table table-bordered tours-tabs__table\" style=\"height: 233px;\" width=\"862\">\n<tbody>\n<tr>\n<td><strong>LOCAL DE PARTIDA\/RETORNO<\/strong><\/td>\n<td>Terminal de Embarque da Ilha do Mel ( Brasilia ou Encantadas )<\/td>\n<\/tr>\n<tr>\n<td><strong>DURA\u00c7\u00c3O<\/strong><\/td>\n<td>Aproximadamente 3 horas<\/td>\n<\/tr>\n<tr>\n<td><\/td>\n<td><\/td>\n<\/tr>\n<tr>\n<td><strong>VESTIR<\/strong><\/td>\n<td>Roupa de praia confort\u00e1vel, ch\u00e1peu, protetor solar<\/td>\n<\/tr>\n<tr>\n<td><strong>INCLUSO<\/strong><\/td>\n<td>\n<table class=\"table table-bordered\" style=\"height: 62px;\" width=\"300\">\n<tbody>\n<tr>\n<td><i class=\"fa fa-check icon-tick icon-tick--on\"><\/i>Lancha Confort\u00e1vel<\/td>\n<td><i class=\"fa fa-check icon-tick icon-tick--on\"><\/i>\u00c1gua gelada<\/td>\n<\/tr>\n<tr>\n<td><i class=\"fa fa-check icon-tick icon-tick--on\"><\/i>Carv\u00e3o<\/td>\n<td><i class=\"fa fa-check icon-tick icon-tick--on\"><\/i> Gelo<\/td>\n<\/tr>\n<\/tbody>\n<\/table>\n<\/td>\n<\/tr>\n<tr>\n<td><b>N\u00c3O INCLU\u00cdDO<\/b><\/td>\n<td>\n<table class=\"table table-bordered\" style=\"height: 32px;\" width=\"304\">\n<tbody>\n<tr>\n<td><i class=\"fa fa-times icon-tick icon-tick--off\"><\/i>Material de Pesca<\/td>\n<\/tr>\n<tr>\n<td><i class=\"fa fa-times icon-tick icon-tick--off\"><\/i>Isca viva<\/td>\n<\/tr>\n<\/tbody>\n<\/table>\n<\/td>\n<\/tr>\n<\/tbody>\n<\/table>\n<p>&nbsp;<\/p>\n","protected":false},"excerpt":{"rendered":"<p>Pescaria Mar Aberto Obs: Marcar hor\u00e1rio e data via nosso Whatsapp: Sobre a atividade Churrasqueira Mar Aberto Lancha Confort\u00e1vel Em at\u00e9 3x no Cart\u00e3o **Pescaria Mar Aberto na Ilha do Mel** Venha desfrutar de uma emocionante jornada de pesca em alto mar com a Pescaria Mar Aberto na Ilha do Mel. Uma experi\u00eancia \u00fanica que<\/p>\n<div class=\"padding-top text-center\"><a href=\"https:\/\/ilhadomeltur.aprendizes.org\/index.php\/produto\/pescaria-mar-aberto\/\" class=\"atbtn atbtn--medium atbtn--rounded atbtn--transparent\">Ver Mais<i class=\"atbtn__icon atbtn__icon--right fa fa-long-arrow-right\"><\/i><\/a><\/div>\n","protected":false},"featured_media":1509,"comment_status":"open","ping_status":"closed","template":"","meta":[],"product_cat":[63],"product_tag":[],"_links":{"self":[{"href":"https:\/\/ilhadomeltur.aprendizes.org\/index.php\/wp-json\/wp\/v2\/product\/1504"}],"collection":[{"href":"https:\/\/ilhadomeltur.aprendizes.org\/index.php\/wp-json\/wp\/v2\/product"}],"about":[{"href":"https:\/\/ilhadomeltur.aprendizes.org\/index.php\/wp-json\/wp\/v2\/types\/product"}],"replies":[{"embeddable":true,"href":"https:\/\/ilhadomeltur.aprendizes.org\/index.php\/wp-json\/wp\/v2\/comments?post=1504"}],"wp:featuredmedia":[{"embeddable":true,"href":"https:\/\/ilhadomeltur.aprendizes.org\/index.php\/wp-json\/wp\/v2\/media\/1509"}],"wp:attachment":[{"href":"https:\/\/ilhadomeltur.aprendizes.org\/index.php\/wp-json\/wp\/v2\/media?parent=1504"}],"wp:term":[{"taxonomy":"product_cat","embeddable":true,"href":"https:\/\/ilhadomeltur.aprendizes.org\/index.php\/wp-json\/wp\/v2\/product_cat?post=1504"},{"taxonomy":"product_tag","embeddable":true,"href":"https:\/\/ilhadomeltur.aprendizes.org\/index.php\/wp-json\/wp\/v2\/product_tag?post=1504"}],"curies":[{"name":"wp","href":"https:\/\/api.w.org\/{rel}","templated":true}]}}