{"id":1481,"date":"2024-01-23T16:46:18","date_gmt":"2024-01-23T19:46:18","guid":{"rendered":"https:\/\/ilhadomeltur.aprendizes.org\/?post_type=product&#038;p=1481"},"modified":"2024-01-23T18:10:45","modified_gmt":"2024-01-23T21:10:45","slug":"passeio-revoada-dos-papagaios","status":"publish","type":"product","link":"https:\/\/ilhadomeltur.aprendizes.org\/index.php\/produto\/passeio-revoada-dos-papagaios\/","title":{"rendered":"Passeio Revoada dos Papagaios"},"content":{"rendered":"<div id=\"caixaDescricao\">\n<h2 class=\"mt-3\">Passeio Revoada dos Papagaios<\/h2>\n<p>Obs: Marcar hor\u00e1rio e data via nosso Whatsapp<\/p>\n<div class=\"mt-5 mb-2\"><strong>Sobre a atividade<\/strong><\/div>\n<div><img decoding=\"async\" class=\"alignnone size-full wp-image-1490\" src=\"https:\/\/ilhadomeltur.aprendizes.org\/wp-content\/uploads\/2024\/01\/Screenshot_2-1.png\" alt=\"\" width=\"48\" height=\"44\" \/><strong class=\"resizable-font\">Por do Sol<\/strong><br \/>\n<span class=\"resizable-font\">Veja o Por do Sol em Superagui<\/span><\/div>\n<div><img decoding=\"async\" class=\"alignnone size-full wp-image-1491\" src=\"https:\/\/ilhadomeltur.aprendizes.org\/wp-content\/uploads\/2024\/01\/Screenshot_3-1.png\" alt=\"\" width=\"45\" height=\"50\" \/><strong class=\"resizable-font\">Parque Nacional do Superagui<\/strong><br \/>\n<span class=\"resizable-font\">Parque Nacional do Superagui<\/span><\/div>\n<div><img decoding=\"async\" class=\"alignnone size-full wp-image-1492\" src=\"https:\/\/ilhadomeltur.aprendizes.org\/wp-content\/uploads\/2024\/01\/Screenshot_4-2.png\" alt=\"\" width=\"46\" height=\"43\" \/><strong class=\"resizable-font\">Admire os Papagaios<\/strong><br \/>\n<span class=\"resizable-font\">Admire os Papagaios<\/span><\/div>\n<div><img loading=\"lazy\" decoding=\"async\" class=\"alignnone size-full wp-image-1493\" src=\"https:\/\/ilhadomeltur.aprendizes.org\/wp-content\/uploads\/2024\/01\/Screenshot_5.png\" alt=\"\" width=\"48\" height=\"48\" \/><strong class=\"resizable-font\">Guia Local Credenciado<\/strong><br \/>\n<span class=\"resizable-font\">Guia Local Credenciado<\/span><\/div>\n<div><\/div>\n<div id=\"caixaDescricao\">\n<div class=\"mt-5 mb-2\"><strong>Sobre a atividade<\/strong><\/div>\n<div id=\"caixaDescricaoHigher\"><\/div>\n<div id=\"caixaDescricao\">\n<p><strong>Explore a Revoada dos Papagaios-de-cara-roxa com a Ilha do Mel Tur<\/strong><\/p>\n<p>Bem-vindo a uma experi\u00eancia \u00fanica e emocionante em Superagui! Convidamos voc\u00ea a testemunhar um espet\u00e1culo da natureza que vai encher seus olhos e cora\u00e7\u00e3o de admira\u00e7\u00e3o: a revoada dos papagaios-de-cara-roxa.<\/p>\n<p><strong>O Espet\u00e1culo da Natureza<\/strong><\/p>\n<p>Ao entardecer, enquanto o sol pinta o c\u00e9u com tonalidades de laranja e rosa, os papagaios-de-cara-roxa retornam \u00e0 sua casa na Ilha do Pinheiro. Esse espet\u00e1culo surpreendente \u00e9 um dos momentos mais incr\u00edveis que a natureza nos oferece.<\/p>\n<p><strong>O Parque Nacional do Superagui<\/strong><\/p>\n<p>Nossa jornada come\u00e7a no Parque Nacional do Superagui, uma \u00e1rea de preserva\u00e7\u00e3o natural que abriga essa magn\u00edfica revoada. Aqui, voc\u00ea ser\u00e1 guiado por especialistas que conhecem os segredos e os hor\u00e1rios dessa exibi\u00e7\u00e3o espetacular.<\/p>\n<p><strong>Uma Aventura Respeitosa e Educativa<\/strong><\/p>\n<p>Na Ilha do Mel Tur, acreditamos na preserva\u00e7\u00e3o da natureza e no turismo respons\u00e1vel. Durante o passeio, voc\u00ea aprender\u00e1 sobre a import\u00e2ncia da conserva\u00e7\u00e3o da esp\u00e9cie dos papagaios-de-cara-roxa, que est\u00e3o amea\u00e7ados de extin\u00e7\u00e3o.<\/p>\n<p><strong>Experi\u00eancia Inesquec\u00edvel<\/strong><\/p>\n<p>Prepare-se para viver um momento \u00fanico, enquanto observa centenas de papagaios-de-cara-roxa voando em um espet\u00e1culo sincronizado. O som de suas asas batendo e seus chamados ecoando pelo ar \u00e9 simplesmente m\u00e1gico.<\/p>\n<p><strong>Reserve Sua Aventura Agora<\/strong><\/p>\n<p>A revoada dos papagaios-de-cara-roxa \u00e9 uma experi\u00eancia que ficar\u00e1 gravada na sua mem\u00f3ria para sempre. N\u00e3o perca a oportunidade de fazer parte deste momento fascinante na Ilha do Pinheiro.<\/p>\n<p><strong>Detalhes do Passeio:<\/strong><\/p>\n<ul>\n<li>Dura\u00e7\u00e3o: Aproximadamente 3 horas<\/li>\n<li>Hor\u00e1rio: 16:30h<\/li>\n<li>Ponto de Partida: Terminal de Embarque da Ilha do Mel ( Brasilia ou Encantadas ).<\/li>\n<li>Inclui: Guia especializado, transporte seguro, informa\u00e7\u00f5es sobre a vida selvagem.<\/li>\n<\/ul>\n<p><strong>Reserve agora e prepare-se para uma jornada que o conectar\u00e1 profundamente com a natureza e a beleza \u00fanica da Ilha do Mel.<\/strong><\/p>\n<p><em>A Ilha do Mel Tur &#8211; Seu Portal para Aventuras Inesquec\u00edveis na Ilha do Mel.<\/em><\/p>\n<\/div>\n<\/div>\n<div id=\"descricaoAtividadeCaracteristicas\" class=\"my-5\">\n<div class=\"w-100 d-flex flex-row justify-content-start align-items-center mb-4\">\n<div class=\"wrapper me-3 flex-shrink-0\" data-v-6025f7c8=\"\"><\/div>\n<\/div>\n<\/div>\n<\/div>\n<p><!--more--><\/p>\n<table class=\"table table-bordered tours-tabs__table\" style=\"height: 233px;\" width=\"862\">\n<tbody>\n<tr>\n<td><strong>LOCAL DE PARTIDA\/RETORNO<\/strong><\/td>\n<td>Terminal de Embarque da Ilha do Mel ( Brasilia ou Encantadas )<\/td>\n<\/tr>\n<tr>\n<td><strong>DURA\u00c7\u00c3O<\/strong><\/td>\n<td>Aproximadamente 3 horas<\/td>\n<\/tr>\n<tr>\n<td><\/td>\n<td><\/td>\n<\/tr>\n<tr>\n<td><strong>VESTIR<\/strong><\/td>\n<td>Roupa de praia confort\u00e1vel, ch\u00e1peu, protetor solar<\/td>\n<\/tr>\n<tr>\n<td><strong>INCLUSO<\/strong><\/td>\n<td>\n<table class=\"table table-bordered\" style=\"height: 62px;\" width=\"300\">\n<tbody>\n<tr>\n<td><i class=\"fa fa-check icon-tick icon-tick--on\"><\/i>Guia de Turismo Local<\/td>\n<td><i class=\"fa fa-check icon-tick icon-tick--on\"><\/i>\u00c1gua gelada<\/td>\n<\/tr>\n<tr>\n<td><i class=\"fa fa-check icon-tick icon-tick--on\"><\/i>Guia especializado<\/td>\n<td><i class=\"fa fa-check icon-tick icon-tick--on\"><\/i>\u00a0transporte seguro<\/td>\n<\/tr>\n<\/tbody>\n<\/table>\n<\/td>\n<\/tr>\n<tr>\n<td><b>N\u00c3O INCLU\u00cdDO<\/b><\/td>\n<td>\n<table class=\"table table-bordered\" style=\"height: 32px;\" width=\"304\">\n<tbody>\n<tr>\n<td><i class=\"fa fa-times icon-tick icon-tick--off\"><\/i>Comida<\/td>\n<\/tr>\n<tr>\n<td><\/td>\n<\/tr>\n<\/tbody>\n<\/table>\n<\/td>\n<\/tr>\n<\/tbody>\n<\/table>\n<p>&nbsp;<\/p>\n","protected":false},"excerpt":{"rendered":"<p>Bem-vindo a uma experi\u00eancia \u00fanica e emocionante em Superagui! Convidamos voc\u00ea a testemunhar um espet\u00e1culo da natureza que vai encher seus olhos e cora\u00e7\u00e3o de admira\u00e7\u00e3o: a revoada dos papagaios-de-cara-roxa<\/p>\n","protected":false},"featured_media":1489,"comment_status":"open","ping_status":"closed","template":"","meta":[],"product_cat":[63],"product_tag":[],"_links":{"self":[{"href":"https:\/\/ilhadomeltur.aprendizes.org\/index.php\/wp-json\/wp\/v2\/product\/1481"}],"collection":[{"href":"https:\/\/ilhadomeltur.aprendizes.org\/index.php\/wp-json\/wp\/v2\/product"}],"about":[{"href":"https:\/\/ilhadomeltur.aprendizes.org\/index.php\/wp-json\/wp\/v2\/types\/product"}],"replies":[{"embeddable":true,"href":"https:\/\/ilhadomeltur.aprendizes.org\/index.php\/wp-json\/wp\/v2\/comments?post=1481"}],"wp:featuredmedia":[{"embeddable":true,"href":"https:\/\/ilhadomeltur.aprendizes.org\/index.php\/wp-json\/wp\/v2\/media\/1489"}],"wp:attachment":[{"href":"https:\/\/ilhadomeltur.aprendizes.org\/index.php\/wp-json\/wp\/v2\/media?parent=1481"}],"wp:term":[{"taxonomy":"product_cat","embeddable":true,"href":"https:\/\/ilhadomeltur.aprendizes.org\/index.php\/wp-json\/wp\/v2\/product_cat?post=1481"},{"taxonomy":"product_tag","embeddable":true,"href":"https:\/\/ilhadomeltur.aprendizes.org\/index.php\/wp-json\/wp\/v2\/product_tag?post=1481"}],"curies":[{"name":"wp","href":"https:\/\/api.w.org\/{rel}","templated":true}]}}