{"id":1472,"date":"2024-01-23T16:36:11","date_gmt":"2024-01-23T19:36:11","guid":{"rendered":"https:\/\/ilhadomeltur.aprendizes.org\/?post_type=product&#038;p=1472"},"modified":"2024-01-23T18:08:53","modified_gmt":"2024-01-23T21:08:53","slug":"taxi-nautico-paranagua","status":"publish","type":"product","link":"https:\/\/ilhadomeltur.aprendizes.org\/index.php\/produto\/taxi-nautico-paranagua\/","title":{"rendered":"Taxi N\u00e1utico Paranagu\u00e1"},"content":{"rendered":"<div id=\"caixaDescricao\">\n<h2 class=\"mt-3\">Taxi N\u00e1utico Paranagu\u00e1<\/h2>\n<div class=\"mt-5 mb-2\"><strong>Sobre a atividade<\/strong><\/div>\n<div id=\"caixaDescricaoHigher\"><img decoding=\"async\" class=\"alignnone size-full wp-image-1365\" src=\"https:\/\/ilhadomeltur.aprendizes.org\/wp-content\/uploads\/2024\/01\/Screenshot_3.png\" alt=\"\" width=\"49\" height=\"48\" \/><strong class=\"resizable-font\">Lancha R\u00e1pida<\/strong><br \/>\n<span class=\"resizable-font\">\u00a0 \u00a0 \u00a0 \u00a0 \u00a0 \u00a0 \u00a020min at\u00e9 a Ilha<\/span><\/div>\n<div><img decoding=\"async\" class=\"alignnone size-full wp-image-1363\" src=\"https:\/\/ilhadomeltur.aprendizes.org\/wp-content\/uploads\/2024\/01\/Screenshot_1.png\" alt=\"\" width=\"56\" height=\"51\" \/><strong class=\"resizable-font\">Travessia 24<\/strong><br \/>\n<span class=\"resizable-font\">\u00a0 \u00a0 \u00a0 \u00a0 \u00a0 \u00a0 \u00a0 Atendemos 24h<\/span><\/div>\n<div><img decoding=\"async\" class=\"alignnone size-full wp-image-1477\" src=\"https:\/\/ilhadomeltur.aprendizes.org\/wp-content\/uploads\/2024\/01\/Screenshot_1-1.png\" alt=\"\" width=\"53\" height=\"44\" \/><strong class=\"resizable-font\">Aceitamos Cart\u00e3o<\/strong><br \/>\n<span class=\"resizable-font\">\u00a0 \u00a0 \u00a0 \u00a0 \u00a0 \u00a0 \u00a0em at\u00e9 3x<\/span><\/div>\n<div id=\"caixaDescricao\">\n<p><strong>Taxi N\u00e1utico para Ilha do Mel: Sua Passagem para o Para\u00edso<\/strong><\/p>\n<p><strong>Conforto e Seguran\u00e7a:<\/strong>\u00a0Embarque em nossa frota moderna e segura.<\/p>\n<p><strong>Hor\u00e1rios Flex\u00edveis:<\/strong>\u00a0Escolha os hor\u00e1rios que se ajustam \u00e0 sua programa\u00e7\u00e3o.<\/p>\n<p><strong>Explora\u00e7\u00e3o Simples:<\/strong>\u00a0Desembarque em diferentes \u00e1reas da Ilha do Mel.<\/p>\n<p><strong>Reserve Agora:<\/strong>\u00a0Garanta sua viagem para esse para\u00edso natural \u00fanico.<\/p>\n<\/div>\n<div id=\"descricaoAtividadeCaracteristicas\" class=\"my-5\">\n<div class=\"w-100 d-flex flex-row justify-content-start align-items-center mb-4\">\n<div class=\"wrapper me-3 flex-shrink-0\" data-v-6025f7c8=\"\"><\/div>\n<\/div>\n<\/div>\n<\/div>\n<p><!--more--><\/p>\n<table class=\"table table-bordered tours-tabs__table\" style=\"height: 233px;\" width=\"862\">\n<tbody>\n<tr>\n<td><strong>LOCAL DE PARTIDA\/RETORNO<\/strong><\/td>\n<td>Union Square, San Francisco<\/td>\n<\/tr>\n<tr>\n<td><strong>DURA\u00c7\u00c3O<\/strong><\/td>\n<td>15 Minutos<\/td>\n<\/tr>\n<tr>\n<td><\/td>\n<td><\/td>\n<\/tr>\n<tr>\n<td><strong>VESTIR<\/strong><\/td>\n<td>Roupa de praia confort\u00e1vel, ch\u00e1peu, protetor solar<\/td>\n<\/tr>\n<tr>\n<td><strong>INCLUSO<\/strong><\/td>\n<td>\n<table class=\"table table-bordered\" style=\"height: 62px;\" width=\"300\">\n<tbody>\n<tr>\n<td><i class=\"fa fa-check icon-tick icon-tick--on\"><\/i>Guia de Turismo Local<\/td>\n<td><i class=\"fa fa-check icon-tick icon-tick--on\"><\/i>\u00c1gua gelada<\/td>\n<\/tr>\n<tr>\n<td><i class=\"fa fa-check icon-tick icon-tick--on\"><\/i>Lanchas r\u00e1pidas<\/td>\n<td><i class=\"fa fa-check icon-tick icon-tick--on\"><\/i>Conforto e Seguran\u00e7a<\/td>\n<\/tr>\n<\/tbody>\n<\/table>\n<\/td>\n<\/tr>\n<tr>\n<td><b>N\u00c3O INCLU\u00cdDO<\/b><\/td>\n<td>\n<table class=\"table table-bordered\" style=\"height: 32px;\" width=\"304\">\n<tbody>\n<tr>\n<td><i class=\"fa fa-times icon-tick icon-tick--off\"><\/i>Comida<\/td>\n<\/tr>\n<tr>\n<td><\/td>\n<\/tr>\n<\/tbody>\n<\/table>\n<\/td>\n<\/tr>\n<\/tbody>\n<\/table>\n<p>&nbsp;<\/p>\n","protected":false},"excerpt":{"rendered":"<p>Bem-vindo ao para\u00edso natural da Ilha do Mel, um ref\u00fagio incr\u00edvel situado na costa do Paran\u00e1, Brasil. Nossa ilha oferece uma beleza deslumbrante, praias intocadas e uma experi\u00eancia de conex\u00e3o com a natureza que voc\u00ea nunca esquecer\u00e1. E se voc\u00ea est\u00e1 procurando um lugar especial para apreciar o p\u00f4r do sol, n\u00e3o pode perder a Ponta Oeste, tamb\u00e9m conhecida como Ponta da Fortaleza.<\/p>\n","protected":false},"featured_media":1479,"comment_status":"open","ping_status":"closed","template":"","meta":[],"product_cat":[63],"product_tag":[],"_links":{"self":[{"href":"https:\/\/ilhadomeltur.aprendizes.org\/index.php\/wp-json\/wp\/v2\/product\/1472"}],"collection":[{"href":"https:\/\/ilhadomeltur.aprendizes.org\/index.php\/wp-json\/wp\/v2\/product"}],"about":[{"href":"https:\/\/ilhadomeltur.aprendizes.org\/index.php\/wp-json\/wp\/v2\/types\/product"}],"replies":[{"embeddable":true,"href":"https:\/\/ilhadomeltur.aprendizes.org\/index.php\/wp-json\/wp\/v2\/comments?post=1472"}],"wp:featuredmedia":[{"embeddable":true,"href":"https:\/\/ilhadomeltur.aprendizes.org\/index.php\/wp-json\/wp\/v2\/media\/1479"}],"wp:attachment":[{"href":"https:\/\/ilhadomeltur.aprendizes.org\/index.php\/wp-json\/wp\/v2\/media?parent=1472"}],"wp:term":[{"taxonomy":"product_cat","embeddable":true,"href":"https:\/\/ilhadomeltur.aprendizes.org\/index.php\/wp-json\/wp\/v2\/product_cat?post=1472"},{"taxonomy":"product_tag","embeddable":true,"href":"https:\/\/ilhadomeltur.aprendizes.org\/index.php\/wp-json\/wp\/v2\/product_tag?post=1472"}],"curies":[{"name":"wp","href":"https:\/\/api.w.org\/{rel}","templated":true}]}}