{"id":1464,"date":"2024-01-23T16:16:44","date_gmt":"2024-01-23T19:16:44","guid":{"rendered":"https:\/\/ilhadomeltur.aprendizes.org\/?post_type=product&#038;p=1464"},"modified":"2024-01-23T18:09:32","modified_gmt":"2024-01-23T21:09:32","slug":"ponta-oeste-ilha-do-mel","status":"publish","type":"product","link":"https:\/\/ilhadomeltur.aprendizes.org\/index.php\/produto\/ponta-oeste-ilha-do-mel\/","title":{"rendered":"Ponta Oeste &#8211; Ilha do Mel"},"content":{"rendered":"<div class=\"mt-5 mb-2\"><strong>Sobre a atividade<\/strong><\/div>\n<div id=\"caixaDescricaoHigher\">Obs: Por favor nos contatar via Whatsapp para agendar esse Passeio<\/div>\n<div id=\"caixaDescricao\">\n<p><strong>Descubra a Magia da Ilha do Mel na Ponta Oeste em um Passeio de Lancha!<\/strong><\/p>\n<p>Bem-vindo ao para\u00edso natural da Ilha do Mel, um ref\u00fagio incr\u00edvel situado na costa do Paran\u00e1, Brasil. Nossa ilha oferece uma beleza deslumbrante, praias intocadas e uma experi\u00eancia de conex\u00e3o com a natureza que voc\u00ea nunca esquecer\u00e1. E se voc\u00ea est\u00e1 procurando um lugar especial para apreciar o p\u00f4r do sol, n\u00e3o pode perder a Ponta Oeste, tamb\u00e9m conhecida como Ponta da Fortaleza.<\/p>\n<p><strong>Passeio de Lancha at\u00e9 a Ponta Oeste:<\/strong><\/p>\n<p>A melhor maneira de explorar a beleza da Ponta Oeste \u00e9 em um emocionante passeio de lancha. Embarque em uma aventura confort\u00e1vel e segura que o levar\u00e1 diretamente a este para\u00edso intocado. Voc\u00ea se maravilhar\u00e1 com vistas panor\u00e2micas inigual\u00e1veis enquanto corta as \u00e1guas cristalinas da Ilha do Mel.<\/p>\n<p><strong>Raz\u00f5es para Escolher o Passeio de Lancha para a Ponta Oeste:<\/strong><\/p>\n<ol>\n<li><strong>Conforto e Velocidade:<\/strong>\u00a0Nossas lanchas s\u00e3o projetadas para garantir o seu conforto enquanto voc\u00ea aproveita o passeio. Viaje em alta velocidade, economizando tempo e tendo mais tempo para desfrutar da Ponta Oeste.<\/li>\n<li><strong>P\u00f4r do Sol Memor\u00e1vel:<\/strong>\u00a0Desfrute do p\u00f4r do sol na Ponta Oeste em grande estilo, com uma vis\u00e3o desobstru\u00edda do horizonte. Prepare-se para um espet\u00e1culo celestial enquanto o sol se despede do dia.<\/li>\n<li><strong>Experi\u00eancia Segura:<\/strong>\u00a0Nossos capit\u00e3es experientes e equipamentos de seguran\u00e7a de \u00faltima gera\u00e7\u00e3o garantem uma jornada segura e tranquila.<\/li>\n<li><strong>Acesso \u00e0s Trilhas e Natureza:<\/strong>\u00a0Ap\u00f3s chegar \u00e0 Ponta Oeste de lancha, voc\u00ea ainda ter\u00e1 a oportunidade de explorar as trilhas c\u00eanicas e a natureza local, tudo isso a uma curta dist\u00e2ncia.<\/li>\n<\/ol>\n<p><strong>Como Agendar o seu Passeio de Lancha at\u00e9 a Ponta Oeste:<\/strong><\/p>\n<p>Reserve agora e experimente a emocionante jornada de lancha at\u00e9 a Ponta Oeste na Ilha do Mel. \u00c9 a maneira perfeita de aproveitar ao m\u00e1ximo sua visita \u00e0 ilha, com conforto, seguran\u00e7a e vistas deslumbrantes. Prepare-se para um dia inesquec\u00edvel em um dos destinos naturais mais incr\u00edveis do Brasil. A Ponta Oeste aguarda para surpreend\u00ea-lo com sua magia, e nossa lancha est\u00e1 pronta para lev\u00e1-lo nessa aventura emocionante!<\/p>\n<\/div>\n<p><!--more--><\/p>\n<table class=\"table table-bordered tours-tabs__table\" style=\"height: 233px;\" width=\"862\">\n<tbody>\n<tr>\n<td><strong>LOCAL DE PARTIDA\/RETORNO<\/strong><\/td>\n<td>Union Square, San Francisco<\/td>\n<\/tr>\n<tr>\n<td><strong>DURA\u00c7\u00c3O<\/strong><\/td>\n<td>15 Minutos<\/td>\n<\/tr>\n<tr>\n<td><\/td>\n<td><\/td>\n<\/tr>\n<tr>\n<td><strong>VESTIR<\/strong><\/td>\n<td>Roupa de praia confort\u00e1vel, ch\u00e1peu, protetor solar<\/td>\n<\/tr>\n<tr>\n<td><strong>INCLUSO<\/strong><\/td>\n<td>\n<table class=\"table table-bordered\" style=\"height: 62px;\" width=\"300\">\n<tbody>\n<tr>\n<td><i class=\"fa fa-check icon-tick icon-tick--on\"><\/i>Guia de Turismo Local<\/td>\n<td><i class=\"fa fa-check icon-tick icon-tick--on\"><\/i>\u00c1gua gelada<\/td>\n<\/tr>\n<tr>\n<td><i class=\"fa fa-check icon-tick icon-tick--on\"><\/i>Lanchas r\u00e1pidas<\/td>\n<td><i class=\"fa fa-check icon-tick icon-tick--on\"><\/i>Conforto e Seguran\u00e7a<\/td>\n<\/tr>\n<\/tbody>\n<\/table>\n<\/td>\n<\/tr>\n<tr>\n<td><b>N\u00c3O INCLU\u00cdDO<\/b><\/td>\n<td>\n<table class=\"table table-bordered\" style=\"height: 32px;\" width=\"304\">\n<tbody>\n<tr>\n<td><i class=\"fa fa-times icon-tick icon-tick--off\"><\/i>Comida<\/td>\n<\/tr>\n<tr>\n<td><\/td>\n<\/tr>\n<\/tbody>\n<\/table>\n<\/td>\n<\/tr>\n<\/tbody>\n<\/table>\n<p>&nbsp;<\/p>\n","protected":false},"excerpt":{"rendered":"<p>Bem-vindo ao para\u00edso natural da Ilha do Mel, um ref\u00fagio incr\u00edvel situado na costa do Paran\u00e1, Brasil. Nossa ilha oferece uma beleza deslumbrante, praias intocadas e uma experi\u00eancia de conex\u00e3o com a natureza que voc\u00ea nunca esquecer\u00e1. E se voc\u00ea est\u00e1 procurando um lugar especial para apreciar o p\u00f4r do sol, n\u00e3o pode perder a Ponta Oeste, tamb\u00e9m conhecida como Ponta da Fortaleza.<\/p>\n","protected":false},"featured_media":1469,"comment_status":"open","ping_status":"closed","template":"","meta":[],"product_cat":[63],"product_tag":[],"_links":{"self":[{"href":"https:\/\/ilhadomeltur.aprendizes.org\/index.php\/wp-json\/wp\/v2\/product\/1464"}],"collection":[{"href":"https:\/\/ilhadomeltur.aprendizes.org\/index.php\/wp-json\/wp\/v2\/product"}],"about":[{"href":"https:\/\/ilhadomeltur.aprendizes.org\/index.php\/wp-json\/wp\/v2\/types\/product"}],"replies":[{"embeddable":true,"href":"https:\/\/ilhadomeltur.aprendizes.org\/index.php\/wp-json\/wp\/v2\/comments?post=1464"}],"wp:featuredmedia":[{"embeddable":true,"href":"https:\/\/ilhadomeltur.aprendizes.org\/index.php\/wp-json\/wp\/v2\/media\/1469"}],"wp:attachment":[{"href":"https:\/\/ilhadomeltur.aprendizes.org\/index.php\/wp-json\/wp\/v2\/media?parent=1464"}],"wp:term":[{"taxonomy":"product_cat","embeddable":true,"href":"https:\/\/ilhadomeltur.aprendizes.org\/index.php\/wp-json\/wp\/v2\/product_cat?post=1464"},{"taxonomy":"product_tag","embeddable":true,"href":"https:\/\/ilhadomeltur.aprendizes.org\/index.php\/wp-json\/wp\/v2\/product_tag?post=1464"}],"curies":[{"name":"wp","href":"https:\/\/api.w.org\/{rel}","templated":true}]}}