{"id":1381,"date":"2024-01-21T18:46:54","date_gmt":"2024-01-21T21:46:54","guid":{"rendered":"https:\/\/ilhadomeltur.aprendizes.org\/?post_type=product&#038;p=1381"},"modified":"2024-01-21T22:49:47","modified_gmt":"2024-01-22T01:49:47","slug":"taxi-nautico-pontal-do-sul-ilha-do-mel","status":"publish","type":"product","link":"https:\/\/ilhadomeltur.aprendizes.org\/index.php\/produto\/taxi-nautico-pontal-do-sul-ilha-do-mel\/","title":{"rendered":"Taxi N\u00e1utico &#8211; Pontal do Sul &#8211; Ilha do Mel"},"content":{"rendered":"<h2 class=\"mt-3\">Taxi N\u00e1utico &#8211; Pontal do Sul &#8211; Ilha do Mel<\/h2>\n<p><strong class=\"resizable-font\"><img decoding=\"async\" class=\" wp-image-1363 alignleft\" src=\"https:\/\/ilhadomeltur.aprendizes.org\/wp-content\/uploads\/2024\/01\/Screenshot_1.png\" alt=\"\" width=\"48\" height=\"44\" \/><\/strong><span class=\"resizable-font\"><strong class=\"resizable-font\">Lancha R\u00e1pida<\/strong><br \/>\nTravessia em 10min<\/span><\/p>\n<p style=\"text-align: left;\"><b><img decoding=\"async\" class=\"alignnone wp-image-1410\" src=\"https:\/\/ilhadomeltur.aprendizes.org\/wp-content\/uploads\/2024\/01\/icon.png\" alt=\"\" width=\"49\" height=\"41\" \/><strong class=\"resizable-font\">Confirma\u00e7\u00e3o Imediata<\/strong><br \/>\n<\/b><span class=\"resizable-font\">\u00a0 \u00a0 \u00a0 \u00a0 \u00a0 \u00a0 \u00a0R\u00e1pido e Pr\u00e1tico<\/span>\u00a0 \u00a0<b><br \/>\n<\/b><\/p>\n<p><strong class=\"resizable-font\"><img decoding=\"async\" class=\"alignnone wp-image-1412\" src=\"https:\/\/ilhadomeltur.aprendizes.org\/wp-content\/uploads\/2024\/01\/icon4.png\" alt=\"\" width=\"33\" height=\"31\" \/>Travessia 24h<\/strong><br \/>\n<span class=\"resizable-font\">\u00a0 \u00a0 \u00a0 \u00a0 \u00a0 Combine seu hor\u00e1rio conosco!<\/span><\/p>\n<div class=\"mt-5 mb-2\"><strong><img loading=\"lazy\" decoding=\"async\" class=\"alignnone size-full wp-image-1413\" src=\"https:\/\/ilhadomeltur.aprendizes.org\/wp-content\/uploads\/2024\/01\/Screenshot_4-1.png\" alt=\"\" width=\"63\" height=\"43\" \/><\/strong><strong class=\"resizable-font\">Marinheiro Experiente<\/strong><\/div>\n<div>\u00a0 \u00a0 \u00a0 \u00a0 \u00a0 \u00a0 \u00a0 \u00a0 Melhores marinheiros<\/div>\n<div class=\"mt-5 mb-2\" style=\"text-align: center;\">\n<p>&nbsp;<\/p>\n<p>Sobre a atividade:<\/p>\n<\/div>\n<div id=\"caixaDescricaoHigher\">\n<p><strong>Taxi N\u00e1utico para Ilha do Mel: Sua Passagem para o Para\u00edso<\/strong><\/p>\n<p><strong>Conforto e Seguran\u00e7a:<\/strong>\u00a0Embarque em nossa frota moderna e segura.<\/p>\n<p><strong>Hor\u00e1rios Flex\u00edveis:<\/strong>\u00a0Escolha os hor\u00e1rios que se ajustam \u00e0 sua programa\u00e7\u00e3o.<\/p>\n<p><strong>Explora\u00e7\u00e3o Simples:<\/strong>\u00a0Desembarque em diferentes \u00e1reas da Ilha do Mel.<\/p>\n<p><strong>Reserve Agora:<\/strong>\u00a0Garanta sua viagem para esse para\u00edso natural \u00fanico.<\/p>\n<\/div>\n<div id=\"caixaDescricao\"><\/div>\n<p><!--more--><\/p>\n<table class=\"table table-bordered tours-tabs__table\" style=\"height: 233px;\" width=\"862\">\n<tbody>\n<tr>\n<td><strong>LOCAL DE PARTIDA\/RETORNO<\/strong><\/td>\n<td>Union Square, San Francisco<\/td>\n<\/tr>\n<tr>\n<td><strong>DURA\u00c7\u00c3O<\/strong><\/td>\n<td>15 Minutos<\/td>\n<\/tr>\n<tr>\n<td><\/td>\n<td><\/td>\n<\/tr>\n<tr>\n<td><strong>VESTIR<\/strong><\/td>\n<td>Roupa de praia confort\u00e1vel, ch\u00e1peu, protetor solar<\/td>\n<\/tr>\n<tr>\n<td><strong>INCLUSO<\/strong><\/td>\n<td>\n<table class=\"table table-bordered\" style=\"height: 62px;\" width=\"300\">\n<tbody>\n<tr>\n<td><i class=\"fa fa-check icon-tick icon-tick--on\"><\/i>Guia de Turismo Local<\/td>\n<td><i class=\"fa fa-check icon-tick icon-tick--on\"><\/i>\u00c1gua gelada<\/td>\n<\/tr>\n<tr>\n<td><i class=\"fa fa-check icon-tick icon-tick--on\"><\/i>colete salva-vidas<\/td>\n<td><i class=\"fa fa-check icon-tick icon-tick--on\"><\/i>Taxa de Embarque<\/td>\n<\/tr>\n<\/tbody>\n<\/table>\n<\/td>\n<\/tr>\n<tr>\n<td><b>N\u00c3O INCLU\u00cdDO<\/b><\/td>\n<td>\n<table class=\"table table-bordered\" style=\"height: 32px;\" width=\"304\">\n<tbody>\n<tr>\n<td><i class=\"fa fa-times icon-tick icon-tick--off\"><\/i>Comida<\/td>\n<\/tr>\n<tr>\n<td><\/td>\n<\/tr>\n<\/tbody>\n<\/table>\n<\/td>\n<\/tr>\n<\/tbody>\n<\/table>\n<p>&nbsp;<\/p>\n","protected":false},"excerpt":{"rendered":"<p>Embarque para a Ilha do Mel com nosso Taxi N\u00e1utico, garantindo conforto, seguran\u00e7a e hor\u00e1rios flex\u00edveis. Explore a ilha de maneira simples, desembarcando em diferentes \u00e1reas. Reserve agora e vivencie o para\u00edso natural \u00fanico da Ilha do Mel.<\/p>\n","protected":false},"featured_media":1406,"comment_status":"open","ping_status":"closed","template":"","meta":[],"product_cat":[62,63],"product_tag":[],"_links":{"self":[{"href":"https:\/\/ilhadomeltur.aprendizes.org\/index.php\/wp-json\/wp\/v2\/product\/1381"}],"collection":[{"href":"https:\/\/ilhadomeltur.aprendizes.org\/index.php\/wp-json\/wp\/v2\/product"}],"about":[{"href":"https:\/\/ilhadomeltur.aprendizes.org\/index.php\/wp-json\/wp\/v2\/types\/product"}],"replies":[{"embeddable":true,"href":"https:\/\/ilhadomeltur.aprendizes.org\/index.php\/wp-json\/wp\/v2\/comments?post=1381"}],"wp:featuredmedia":[{"embeddable":true,"href":"https:\/\/ilhadomeltur.aprendizes.org\/index.php\/wp-json\/wp\/v2\/media\/1406"}],"wp:attachment":[{"href":"https:\/\/ilhadomeltur.aprendizes.org\/index.php\/wp-json\/wp\/v2\/media?parent=1381"}],"wp:term":[{"taxonomy":"product_cat","embeddable":true,"href":"https:\/\/ilhadomeltur.aprendizes.org\/index.php\/wp-json\/wp\/v2\/product_cat?post=1381"},{"taxonomy":"product_tag","embeddable":true,"href":"https:\/\/ilhadomeltur.aprendizes.org\/index.php\/wp-json\/wp\/v2\/product_tag?post=1381"}],"curies":[{"name":"wp","href":"https:\/\/api.w.org\/{rel}","templated":true}]}}