{"id":1354,"date":"2024-01-21T15:27:26","date_gmt":"2024-01-21T18:27:26","guid":{"rendered":"https:\/\/ilhadomeltur.aprendizes.org\/?post_type=product&#038;p=1354"},"modified":"2024-05-13T18:24:26","modified_gmt":"2024-05-13T21:24:26","slug":"translado-para-encantadas","status":"publish","type":"product","link":"https:\/\/ilhadomeltur.aprendizes.org\/index.php\/produto\/translado-para-encantadas\/","title":{"rendered":"Translado para Encantadas"},"content":{"rendered":"<p><strong class=\"resizable-font\"><img decoding=\"async\" class=\"size-full wp-image-1363 alignleft\" src=\"https:\/\/ilhadomeltur.aprendizes.org\/wp-content\/uploads\/2024\/01\/Screenshot_1.png\" alt=\"\" width=\"56\" height=\"51\" \/>Translado R\u00e1pido<\/strong><br \/>\n<span class=\"resizable-font\">Travessia 10min<\/span><\/p>\n<p>&nbsp;<\/p>\n<p style=\"text-align: left;\"><b><img decoding=\"async\" class=\"alignnone size-full wp-image-1365\" src=\"https:\/\/ilhadomeltur.aprendizes.org\/wp-content\/uploads\/2024\/01\/Screenshot_3.png\" alt=\"\" width=\"49\" height=\"48\" \/><strong class=\"resizable-font\">Temos op\u00e7\u00e3o de Taxi<\/strong><br \/>\n<\/b><span class=\"resizable-font\">\u00a0Sa\u00edda imediata<\/span>\u00a0 \u00a0<b><br \/>\n<\/b><\/p>\n<p><img decoding=\"async\" class=\"alignnone size-full wp-image-1366\" src=\"https:\/\/ilhadomeltur.aprendizes.org\/wp-content\/uploads\/2024\/01\/Screenshot_4.png\" alt=\"\" width=\"63\" height=\"43\" \/><strong class=\"resizable-font\">Hor\u00e1rio de hora em hora<\/strong><br \/>\n<span class=\"resizable-font\">Hor\u00e1rio de hora em hora das 9h as 17h<\/span><\/p>\n<div class=\"mt-5 mb-2\"><strong>Sobre a atividade:<\/strong><\/div>\n<div id=\"caixaDescricaoHigher\"><\/div>\n<div id=\"caixaDescricao\">\n<p><strong>Explore a Ilha do Mel com Conforto e Exclusividade &#8211; Translado de Bras\u00edlia at\u00e9 Encantadas com a Ilha do Mel Tur<\/strong><\/p>\n<\/div>\n<p>Se voc\u00ea est\u00e1 em Bras\u00edlia e sonha em desvendar os segredos da bel\u00edssima Gruta das Encantadas na Ilha do Mel, temos a op\u00e7\u00e3o perfeita para voc\u00ea. Com a Ilha do Mel Tur, voc\u00ea pode transformar esse sonho em realidade com nosso passeio exclusivo de Bras\u00edlia at\u00e9 Encantadas.<\/p>\n<p><strong>Nossos Passeios de Lanchas: Uma Aventura Inigual\u00e1vel<\/strong><\/p>\n<p>Embarque conosco e explore as maravilhas naturais e culturais desta ilha paradis\u00edaca. Nossos passeios de lancha s\u00e3o conduzidos por experientes marinheiros e ocorrem em embarca\u00e7\u00f5es seguras e confort\u00e1veis.<\/p>\n<p><strong>Por que escolher o nosso translado:<\/strong><\/p>\n<ol>\n<li><strong>Transporte Confort\u00e1vel de Bras\u00edlia at\u00e9 a Praia de Encantadas:<\/strong>\u00a0Prepare-se para uma experi\u00eancia de viagem excepcional! Inicie sua aventura com todo o conforto a bordo de nosso transporte direto de Bras\u00edlia at\u00e9 a deslumbrante Praia de Encantadas<\/li>\n<li><strong>Translado de Lancha<\/strong>: Ao chegar \u00e0 Ilha do Mel, voc\u00ea embarcar\u00e1 em uma lancha de qualidade, conduzida por experientes marinheiros da Ilha do Mel Tur. Nossas lanchas s\u00e3o seguras e confort\u00e1veis, proporcionando uma experi\u00eancia incr\u00edvel durante todo o passeio.<\/li>\n<li><strong>Visita \u00e0 Gruta das Encantadas<\/strong>: O destaque de nossa jornada \u00e9 a visita \u00e0 Gruta das Encantadas, uma maravilha natural na parte sul da Ilha do Mel. Voc\u00ea ter\u00e1 a oportunidade de explorar essa fenda impressionante formada pela a\u00e7\u00e3o do mar. Lembre-se de planejar sua visita para quando a mar\u00e9 estiver baixa, para aproveitar ao m\u00e1ximo essa experi\u00eancia \u00fanica.<\/li>\n<li><strong>Belezas C\u00eanicas e Lendas<\/strong>: Al\u00e9m da Gruta das Encantadas, voc\u00ea ter\u00e1 a chance de maravilhar-se com as belezas naturais da regi\u00e3o, incluindo praias deslumbrantes e cen\u00e1rios fotog\u00eanicos. Tamb\u00e9m contaremos as misteriosas lendas locais que envolvem o local, adicionando uma pitada de magia \u00e0 sua jornada.<\/li>\n<li><strong>Explore a Magia da Bacia da Sereia em Encantadas<\/strong>: Al\u00e9m da Gruta das Encantadas, n\u00e3o deixe de conhecer a encantadora Bacia da Sereia em Encantadas. Descubra esse local m\u00e1gico onde a natureza se encontra com lendas fascinantes<\/li>\n<li><strong>Conforto e Seguran\u00e7a<\/strong>: Durante todo o passeio, seu conforto e seguran\u00e7a s\u00e3o nossa prioridade. Nossos guias experientes garantir\u00e3o que voc\u00ea tenha uma experi\u00eancia inesquec\u00edvel.<\/li>\n<li><strong>Flexibilidade<\/strong>: Oferecemos op\u00e7\u00f5es flex\u00edveis para atender a todos os tipos de viajantes, desde aventureiros solit\u00e1rios at\u00e9 grupos animados. Se preferir, tamb\u00e9m organizamos passeios privados para grupos fechados.<\/li>\n<\/ol>\n<p>N\u00e3o perca a oportunidade de explorar a Gruta das Encantadas e desvendar os encantos da Ilha do Mel conosco. Reserve seu passeio de Bras\u00edlia at\u00e9 Encantadas com a Ilha do Mel Tur e embarque em uma jornada de descobertas inesquec\u00edveis. Venha viver a magia da Ilha do Mel com todo o conforto e exclusividade que voc\u00ea merece.<\/p>\n<p><!--more--><\/p>\n<table class=\"table table-bordered tours-tabs__table\" style=\"height: 233px;\" width=\"862\">\n<tbody>\n<tr>\n<td><strong>LOCAL DE PARTIDA\/RETORNO<\/strong><\/td>\n<td>Union Square, San Francisco<\/td>\n<\/tr>\n<tr>\n<td><strong>DURA\u00c7\u00c3O<\/strong><\/td>\n<td>15 Minutos<\/td>\n<\/tr>\n<tr>\n<td><\/td>\n<td><\/td>\n<\/tr>\n<tr>\n<td><strong>VESTIR<\/strong><\/td>\n<td>Roupa de praia confort\u00e1vel, ch\u00e1peu, protetor solar<\/td>\n<\/tr>\n<tr>\n<td><strong>INCLUSO<\/strong><\/td>\n<td>\n<table class=\"table table-bordered\" style=\"height: 62px;\" width=\"300\">\n<tbody>\n<tr>\n<td><i class=\"fa fa-check icon-tick icon-tick--on\"><\/i>Guia de Turismo Local<\/td>\n<td><i class=\"fa fa-check icon-tick icon-tick--on\"><\/i>\u00c1gua gelada<\/td>\n<\/tr>\n<tr>\n<td><i class=\"fa fa-check icon-tick icon-tick--on\"><\/i>Lanchas r\u00e1pidas<\/td>\n<td><i class=\"fa fa-check icon-tick icon-tick--on\"><\/i>Conforto e Seguran\u00e7a<\/td>\n<\/tr>\n<\/tbody>\n<\/table>\n<\/td>\n<\/tr>\n<tr>\n<td><b>N\u00c3O INCLU\u00cdDO<\/b><\/td>\n<td>\n<table class=\"table table-bordered\" style=\"height: 32px;\" width=\"304\">\n<tbody>\n<tr>\n<td><i class=\"fa fa-times icon-tick icon-tick--off\"><\/i>Comida<\/td>\n<\/tr>\n<tr>\n<td><\/td>\n<\/tr>\n<\/tbody>\n<\/table>\n<\/td>\n<\/tr>\n<\/tbody>\n<\/table>\n<p>&nbsp;<\/p>\n","protected":false},"excerpt":{"rendered":"<p>Se voc\u00ea est\u00e1 em Bras\u00edlia e sonha em desvendar os segredos da bel\u00edssima Gruta das Encantadas na Ilha do Mel, temos a op\u00e7\u00e3o perfeita para voc\u00ea. Com a Ilha do Mel Tur, voc\u00ea pode transformar esse sonho em realidade com nosso passeio exclusivo de Bras\u00edlia at\u00e9 Encantadas.<\/p>\n","protected":false},"featured_media":1358,"comment_status":"open","ping_status":"closed","template":"","meta":[],"product_cat":[62,63],"product_tag":[],"_links":{"self":[{"href":"https:\/\/ilhadomeltur.aprendizes.org\/index.php\/wp-json\/wp\/v2\/product\/1354"}],"collection":[{"href":"https:\/\/ilhadomeltur.aprendizes.org\/index.php\/wp-json\/wp\/v2\/product"}],"about":[{"href":"https:\/\/ilhadomeltur.aprendizes.org\/index.php\/wp-json\/wp\/v2\/types\/product"}],"replies":[{"embeddable":true,"href":"https:\/\/ilhadomeltur.aprendizes.org\/index.php\/wp-json\/wp\/v2\/comments?post=1354"}],"wp:featuredmedia":[{"embeddable":true,"href":"https:\/\/ilhadomeltur.aprendizes.org\/index.php\/wp-json\/wp\/v2\/media\/1358"}],"wp:attachment":[{"href":"https:\/\/ilhadomeltur.aprendizes.org\/index.php\/wp-json\/wp\/v2\/media?parent=1354"}],"wp:term":[{"taxonomy":"product_cat","embeddable":true,"href":"https:\/\/ilhadomeltur.aprendizes.org\/index.php\/wp-json\/wp\/v2\/product_cat?post=1354"},{"taxonomy":"product_tag","embeddable":true,"href":"https:\/\/ilhadomeltur.aprendizes.org\/index.php\/wp-json\/wp\/v2\/product_tag?post=1354"}],"curies":[{"name":"wp","href":"https:\/\/api.w.org\/{rel}","templated":true}]}}